{"id":11560,"date":"2022-03-18T14:04:39","date_gmt":"2022-03-18T13:04:39","guid":{"rendered":"https:\/\/ht.projekturl.de\/impressum\/"},"modified":"2022-04-21T13:20:04","modified_gmt":"2022-04-21T11:20:04","slug":"afdruk","status":"publish","type":"page","link":"https:\/\/hotel-tiefenhagen-sauerland.de\/nl\/afdruk\/","title":{"rendered":"Afdruk"},"content":{"rendered":"\t\t<div data-elementor-type=\"wp-page\" data-elementor-id=\"11560\" class=\"elementor elementor-11560 elementor-9495\" data-elementor-post-type=\"page\">\n\t\t\t\t\t\t\t\t\t<section class=\"elementor-section elementor-top-section elementor-element elementor-element-6bf0025f elementor-section-boxed elementor-section-height-default elementor-section-height-default\" data-id=\"6bf0025f\" data-element_type=\"section\">\n\t\t\t\t\t\t<div class=\"elementor-container elementor-column-gap-default\">\n\t\t\t\t\t<div class=\"elementor-column elementor-col-100 elementor-top-column elementor-element elementor-element-379238ef column-style-top\" data-id=\"379238ef\" data-element_type=\"column\">\n\t\t\t<div class=\"elementor-widget-wrap elementor-element-populated\">\n\t\t\t\t\t\t\t\t<div class=\"elementor-element elementor-element-c94ea81 elementor-widget elementor-widget-text-editor\" data-id=\"c94ea81\" data-element_type=\"widget\" data-widget_type=\"text-editor.default\">\n\t\t\t\t<div class=\"elementor-widget-container\">\n\t\t\t<style>\/*! elementor - v3.18.0 - 08-12-2023 *\/\n.elementor-widget-text-editor.elementor-drop-cap-view-stacked .elementor-drop-cap{background-color:#69727d;color:#fff}.elementor-widget-text-editor.elementor-drop-cap-view-framed .elementor-drop-cap{color:#69727d;border:3px solid;background-color:transparent}.elementor-widget-text-editor:not(.elementor-drop-cap-view-default) .elementor-drop-cap{margin-top:8px}.elementor-widget-text-editor:not(.elementor-drop-cap-view-default) .elementor-drop-cap-letter{width:1em;height:1em}.elementor-widget-text-editor .elementor-drop-cap{float:left;text-align:center;line-height:1;font-size:50px}.elementor-widget-text-editor .elementor-drop-cap-letter{display:inline-block}<\/style>\t\t\t\t<div id=\"sppb-addon-1490389099043\" class=\"clearfix\"><div class=\"sppb-addon sppb-addon-text-block 0 sppb-text-left contact_text\"><div class=\"sppb-addon-content\"><h2>Hinweise gem. \u00a7 5 des Telemediengesetz (TMG)<\/h2><h4>Verantwortlich f\u00fcr den Inhalt der Seiten<\/h4><p><strong>Hotel Tiefenhagen Sauerland<\/strong><br \/>Jill Meyer &amp; Goof de Jong<br \/>Tiefenhagen 10<br \/>57368 Bonzel (Lennestadt)<\/p><table><tbody><tr><td>Telefon:<\/td><td><a title=\"Telefon Hotel zum Tiefenhagen\" href=\"tel:%20027219837785\" rel=\"noreferrer\">02721-9837785<\/a><\/td><\/tr><tr><td>Mobil:<\/td><td><a href=\"tel:+491702271624\" target=\"_blank\" rel=\"noopener\">+491702271624<\/a><\/td><\/tr><tr><td>Mobil:<\/td><td><a href=\"tel:%20+31652302086\" target=\"_blank\" rel=\"noopener\">+31652302086<\/a><\/td><\/tr><tr><td>E-Mail:<\/td><td><a title=\"E-Mail\" href=\"mailto:info@hotel-tiefenhagen-sauerland.de\">info@hotel-tiefenhagen-sauerland.de<\/a><\/td><\/tr><\/tbody><\/table><p><strong>Unternehmen vertreten durch<\/strong><br \/>Jill Meyer &amp; Goof de Jong (Anschrift wie oben)<\/p><p><strong>Zusatz<\/strong><br \/>USt-ID-Nr. n. \u00a7 27a UStG: DE347717738<\/p><p><strong>Inhaltlich Verantwortlicher nach \u00a7 55 Abs. 2 RStV<\/strong><br \/>Jill Meyer &amp; Goof de Jong (Anschrift wie oben)<\/p><p><strong>Haftungshinweis<\/strong><br \/>Trotz sorgf\u00e4ltiger inhaltlicher Kontrolle \u00fcbernehmen wir keine Haftung f\u00fcr die Inhalte externer Links. F\u00fcr den Inhalt der verlinkten Seiten sind ausschlie\u00dflich deren Betreiber verantwortlich.<\/p><\/div><\/div><\/div><div id=\"section-id-1490389099066\" class=\"sppb-section \"><div class=\"sppb-container-inner\"><div class=\"sppb-row\"><div id=\"column-wrap-id-1490389099070\" class=\"sppb-col-md-6 sppb-col-sm-6\"><div id=\"column-id-1490389099070\" class=\"sppb-column \"><div class=\"sppb-column-addons\"><div id=\"sppb-addon-1497107268706\" class=\"clearfix\"><div class=\"sppb-addon sppb-addon-text-block 0 sppb-text-left \"><div class=\"sppb-addon-content\"><h3>Konzept, Design &amp; Programmierung<\/h3><\/div><\/div><\/div><div id=\"sppb-addon-1497107268688\" class=\"clearfix\"><div class=\"sppb-addon sppb-addon-raw-html \"><div class=\"sppb-addon-content\">\u00a0<\/div><\/div><\/div><div id=\"sppb-addon-1497107268693\" class=\"clearfix\"><div class=\"sppb-addon sppb-addon-text-block 0 sppb-text-left \"><div class=\"sppb-addon-content\"><p><strong>Net &amp; Print Verlag und Marketing GmbH<\/strong><\/p><p><a title=\"Webseite Net &amp; Print\" href=\"http:\/\/www.netundprint.de\/\">www.netundprint.de<br \/><\/a><a title=\"E-Mail Net und Print\" href=\"mailto:info@netundprint.de\">info@netundprint.de<\/a><\/p><\/div><\/div><\/div><\/div><\/div><\/div><div id=\"column-wrap-id-1497108671864\" class=\"sppb-col-md-6\"><div id=\"column-id-1497108671864\" class=\"sppb-column\"><div class=\"sppb-column-addons\">\u00a0<\/div><\/div><\/div><\/div><\/div><\/div><div id=\"sppb-addon-1490389099053\" class=\"clearfix\"><div class=\"sppb-addon sppb-addon-text-block 0 sppb-text-left \"><h3 class=\"sppb-addon-title\">Fotonachweise<\/h3><div class=\"sppb-addon-content\"><p>1- \u00a9 Alle Fotos sind Eigentum des Hotel Tiefenhagen Sauerland<\/p><p>2- https:\/\/www.freepik.com\/<\/p><\/div><\/div><\/div><div id=\"sppb-addon-1490389099046\" class=\"clearfix\"><div class=\"sppb-addon sppb-addon-text-block 0 sppb-text-left \"><h3 class=\"sppb-addon-title\">Allgemeiner Haftungsauschluss<\/h3><div class=\"sppb-addon-content\"><h4>1. Inhalt des Onlineangebotes<\/h4><p>Der Betreiber der Internetseite und die Autoren \u00fcbernehmen keinerlei Gew\u00e4hr f\u00fcr die Aktualit\u00e4t, Korrektheit, Vollst\u00e4ndigkeit oder Qualit\u00e4t der bereitgestellten Informationen. Haftungsanspr\u00fcche gegen den Betreiber oder die Autoren, welche sich auf Sch\u00e4den materieller oder ideeller Art beziehen, die durch die Nutzung oder Nichtnutzung der dargebotenen Informationen bzw. durch die Nutzung fehlerhafter und unvollst\u00e4ndiger Informationen verursacht wurden sind grunds\u00e4tzlich ausgeschlossen, sofern seitens des Betreibers oder der Autoren kein nachweislich vors\u00e4tzliches oder grob fahrl\u00e4ssiges Verschulden vorliegt. Alle Angebote sind freibleibend und unverbindlich. Der Betreiber und die Autoren behalten es sich ausdr\u00fccklich vor, Teile der Seiten oder das gesamte Angebot ohne gesonderte Ank\u00fcndigung zu ver\u00e4ndern, zu erg\u00e4nzen, zu l\u00f6schen oder die Ver\u00f6ffentlichung zeitweise oder endg\u00fcltig einzustellen.<br \/>M\u00fcndliche oder schriftliche Ausk\u00fcfte, die au\u00dferhalb eines Mandatsverh\u00e4ltnisses erteilt werden, sind unverbindlich. Die Informationen, die auf dieser Website bereitgestellt werden, sind allgemeiner Art und stellen keine Rechtsberatung dar.<\/p><p>2. Verweise und Links<br \/>Bei direkten oder indirekten Verweisen auf fremde Internetseiten (&#8220;Links&#8221;), die au\u00dferhalb des Verantwortungsbereiches des Betreibers oder der Autoren liegen, w\u00fcrde eine Haftungsverpflichtung ausschlie\u00dflich in dem Fall in Kraft treten, in dem der Betreiber oder die Autoren von den Inhalten Kenntnis haben und es ihnen technisch m\u00f6glich und zumutbar w\u00e4re, die Nutzung im Falle rechtswidriger Inhalte zu verhindern. Der Betreiber und die Autoren erkl\u00e4ren daher ausdr\u00fccklich, dass zum Zeitpunkt der Linksetzung die entsprechenden verlinkten Seiten frei von illegalen Inhalten waren. Der Betreiber und die Autoren haben keinerlei Einfluss auf die aktuelle und zuk\u00fcnftige Gestaltung und auf die Inhalte der gelinkten\/verkn\u00fcpften Seiten. Deshalb distanzieren sie sich hiermit ausdr\u00fccklich von allen Inhalten aller gelinkten\/verkn\u00fcpften Seiten, die nach der Linksetzung ver\u00e4ndert wurden. Diese Feststellung gilt f\u00fcr alle innerhalb des eigenen Internetangebotes gesetzten Links und Verweise. F\u00fcr illegale, fehlerhafte oder unvollst\u00e4ndige Inhalte und insbesondere f\u00fcr Sch\u00e4den, die aus der Nutzung oder Nichtnutzung solcherart dargebotener Informationen entstehen, haftet allein der Anbieter der Seite, auf welche verwiesen wurde, nicht derjenige, der \u00fcber Links auf die jeweilige Ver\u00f6ffentlichung lediglich verweist.<\/p><p>3. Urheber- und Kennzeichenrecht<br \/>Alle innerhalb des Internetangebotes genannten und ggf. durch Dritte gesch\u00fctzten Marken- und Warenzeichen unterliegen uneingeschr\u00e4nkt den Bestimmungen des jeweils g\u00fcltigen Kennzeichenrechts und den Besitzrechten der jeweiligen eingetragenen Eigent\u00fcmer. Allein aufgrund der blo\u00dfen Nennung ist nicht der Schlu\u00df zu ziehen, dass Markenzeichen nicht durch Rechte Dritter gesch\u00fctzt sind! Das Copyright f\u00fcr ver\u00f6ffentlichte, vom Autor selbst erstellte Objekte bleibt allein beim Autor der Seiten. Eine Vervielf\u00e4ltigung oder Verwendung solcher Grafiken, Tondokumente, Videosequenzen und Texte in anderen elektronischen oder gedruckten Publikationen ist ohne ausdr\u00fcckliche Zustimmung des Autors nicht gestattet.<\/p><p id=\"datenschutz\">4. Datenschutz<br \/>Sofern innerhalb des Internetangebotes die M\u00f6glichkeit zur Eingabe pers\u00f6nlicher oder gesch\u00e4ftlicher Daten (Emailadressen, Namen, Anschriften) besteht, so erfolgt die Preisgabe dieser Daten seitens des Nutzers auf ausdr\u00fccklich freiwilliger Basis. Die Inanspruchnahme und Bezahlung aller angebotenen Dienste ist &#8211; soweit technisch m\u00f6glich und zumutbar &#8211; auch ohne Angabe solcher Daten bzw. unter Angabe anonymisierter Daten oder eines Pseudonyms gestattet.<\/p><p>Belehrung \u00fcber den Datenschutz:<br \/>Die Belehrung zum Datenschutz und zur Verwendung der Personenbezogenen Daten lesen Sie bitte auf folgender Seite. <a href=\"http:\/\/www.zum-tiefenhagen.de\/datenschutz\" data-mce-tmp=\"1\">Belehrung<\/a><\/p><p>5. Rechtswirksamkeit dieses Haftungsausschlusses<br \/>Dieser Haftungsausschluss ist als Teil des Internetangebotes zu betrachten, von dem aus auf diese Seite verwiesen wurde. Sofern Teile oder einzelne Formulierungen dieses Textes der geltenden Rechtslage nicht, nicht mehr oder nicht vollst\u00e4ndig entsprechen sollten, bleiben die \u00fcbrigen Teile des Dokumentes in ihrem Inhalt und ihrer G\u00fcltigkeit davon unber\u00fchrt.<\/p><\/div><\/div><\/div>\t\t\t\t\t\t<\/div>\n\t\t\t\t<\/div>\n\t\t\t\t\t<\/div>\n\t\t<\/div>\n\t\t\t\t\t\t\t<\/div>\n\t\t<\/section>\n\t\t\t\t\t\t\t<\/div>\n\t\t","protected":false},"excerpt":{"rendered":"<p>Hinweise gem. \u00a7 5 des Telemediengesetz (TMG) Verantwortlich f\u00fcr den Inhalt der Seiten Hotel Tiefenhagen SauerlandJill Meyer &amp; Goof de JongTiefenhagen 1057368 Bonzel (Lennestadt) Telefon: 02721-9837785 Mobil: +491702271624 Mobil: +31652302086 [&hellip;]<\/p>\n","protected":false},"author":1,"featured_media":0,"parent":0,"menu_order":0,"comment_status":"closed","ping_status":"open","template":"","meta":{"inline_featured_image":false,"footnotes":""},"class_list":["post-11560","page","type-page","status-publish","hentry"],"yoast_head":"<!-- This site is optimized with the Yoast SEO plugin v21.7 - https:\/\/yoast.com\/wordpress\/plugins\/seo\/ -->\n<title>Afdruk - Hotel Tiefenhagen Sauerland in Lennestadt<\/title>\n<meta name=\"robots\" content=\"index, follow, max-snippet:-1, max-image-preview:large, max-video-preview:-1\" \/>\n<link rel=\"canonical\" href=\"https:\/\/hotel-tiefenhagen-sauerland.de\/nl\/afdruk\/\" \/>\n<meta property=\"og:locale\" content=\"nl_NL\" \/>\n<meta property=\"og:type\" content=\"article\" \/>\n<meta property=\"og:title\" content=\"Afdruk - Hotel Tiefenhagen Sauerland in Lennestadt\" \/>\n<meta property=\"og:description\" content=\"Hinweise gem. \u00a7 5 des Telemediengesetz (TMG) Verantwortlich f\u00fcr den Inhalt der Seiten Hotel Tiefenhagen SauerlandJill Meyer &amp; Goof de JongTiefenhagen 1057368 Bonzel (Lennestadt) Telefon: 02721-9837785 Mobil: +491702271624 Mobil: +31652302086 [&hellip;]\" \/>\n<meta property=\"og:url\" content=\"https:\/\/hotel-tiefenhagen-sauerland.de\/nl\/afdruk\/\" \/>\n<meta property=\"og:site_name\" content=\"Hotel Tiefenhagen Sauerland in Lennestadt\" \/>\n<meta property=\"article:modified_time\" content=\"2022-04-21T11:20:04+00:00\" \/>\n<meta name=\"twitter:card\" content=\"summary_large_image\" \/>\n<meta name=\"twitter:label1\" content=\"Geschatte leestijd\" \/>\n\t<meta name=\"twitter:data1\" content=\"4 minuten\" \/>\n<script type=\"application\/ld+json\" class=\"yoast-schema-graph\">{\"@context\":\"https:\/\/schema.org\",\"@graph\":[{\"@type\":\"WebPage\",\"@id\":\"https:\/\/hotel-tiefenhagen-sauerland.de\/nl\/afdruk\/\",\"url\":\"https:\/\/hotel-tiefenhagen-sauerland.de\/nl\/afdruk\/\",\"name\":\"Afdruk - Hotel Tiefenhagen Sauerland in Lennestadt\",\"isPartOf\":{\"@id\":\"https:\/\/hotel-tiefenhagen-sauerland.de\/nl\/#website\"},\"datePublished\":\"2022-03-18T13:04:39+00:00\",\"dateModified\":\"2022-04-21T11:20:04+00:00\",\"breadcrumb\":{\"@id\":\"https:\/\/hotel-tiefenhagen-sauerland.de\/nl\/afdruk\/#breadcrumb\"},\"inLanguage\":\"nl-NL\",\"potentialAction\":[{\"@type\":\"ReadAction\",\"target\":[\"https:\/\/hotel-tiefenhagen-sauerland.de\/nl\/afdruk\/\"]}]},{\"@type\":\"BreadcrumbList\",\"@id\":\"https:\/\/hotel-tiefenhagen-sauerland.de\/nl\/afdruk\/#breadcrumb\",\"itemListElement\":[{\"@type\":\"ListItem\",\"position\":1,\"name\":\"Home\",\"item\":\"https:\/\/hotel-tiefenhagen-sauerland.de\/nl\/\"},{\"@type\":\"ListItem\",\"position\":2,\"name\":\"Afdruk\"}]},{\"@type\":\"WebSite\",\"@id\":\"https:\/\/hotel-tiefenhagen-sauerland.de\/nl\/#website\",\"url\":\"https:\/\/hotel-tiefenhagen-sauerland.de\/nl\/\",\"name\":\"Hotel Tiefenhagen Sauerland in Lennestadt\",\"description\":\"\",\"publisher\":{\"@id\":\"https:\/\/hotel-tiefenhagen-sauerland.de\/nl\/#organization\"},\"potentialAction\":[{\"@type\":\"SearchAction\",\"target\":{\"@type\":\"EntryPoint\",\"urlTemplate\":\"https:\/\/hotel-tiefenhagen-sauerland.de\/nl\/?s={search_term_string}\"},\"query-input\":\"required name=search_term_string\"}],\"inLanguage\":\"nl-NL\"},{\"@type\":\"Organization\",\"@id\":\"https:\/\/hotel-tiefenhagen-sauerland.de\/nl\/#organization\",\"name\":\"Hotel Tiefenhagen Sauerland in Lennestadt\",\"url\":\"https:\/\/hotel-tiefenhagen-sauerland.de\/nl\/\",\"logo\":{\"@type\":\"ImageObject\",\"inLanguage\":\"nl-NL\",\"@id\":\"https:\/\/hotel-tiefenhagen-sauerland.de\/nl\/#\/schema\/logo\/image\/\",\"url\":\"https:\/\/hotel-tiefenhagen-sauerland.de\/wp-content\/uploads\/2022\/03\/logo.png\",\"contentUrl\":\"https:\/\/hotel-tiefenhagen-sauerland.de\/wp-content\/uploads\/2022\/03\/logo.png\",\"width\":159,\"height\":100,\"caption\":\"Hotel Tiefenhagen Sauerland in Lennestadt\"},\"image\":{\"@id\":\"https:\/\/hotel-tiefenhagen-sauerland.de\/nl\/#\/schema\/logo\/image\/\"}}]}<\/script>\n<!-- \/ Yoast SEO plugin. -->","yoast_head_json":{"title":"Afdruk - Hotel Tiefenhagen Sauerland in Lennestadt","robots":{"index":"index","follow":"follow","max-snippet":"max-snippet:-1","max-image-preview":"max-image-preview:large","max-video-preview":"max-video-preview:-1"},"canonical":"https:\/\/hotel-tiefenhagen-sauerland.de\/nl\/afdruk\/","og_locale":"nl_NL","og_type":"article","og_title":"Afdruk - Hotel Tiefenhagen Sauerland in Lennestadt","og_description":"Hinweise gem. \u00a7 5 des Telemediengesetz (TMG) Verantwortlich f\u00fcr den Inhalt der Seiten Hotel Tiefenhagen SauerlandJill Meyer &amp; Goof de JongTiefenhagen 1057368 Bonzel (Lennestadt) Telefon: 02721-9837785 Mobil: +491702271624 Mobil: +31652302086 [&hellip;]","og_url":"https:\/\/hotel-tiefenhagen-sauerland.de\/nl\/afdruk\/","og_site_name":"Hotel Tiefenhagen Sauerland in Lennestadt","article_modified_time":"2022-04-21T11:20:04+00:00","twitter_card":"summary_large_image","twitter_misc":{"Geschatte leestijd":"4 minuten"},"schema":{"@context":"https:\/\/schema.org","@graph":[{"@type":"WebPage","@id":"https:\/\/hotel-tiefenhagen-sauerland.de\/nl\/afdruk\/","url":"https:\/\/hotel-tiefenhagen-sauerland.de\/nl\/afdruk\/","name":"Afdruk - Hotel Tiefenhagen Sauerland in Lennestadt","isPartOf":{"@id":"https:\/\/hotel-tiefenhagen-sauerland.de\/nl\/#website"},"datePublished":"2022-03-18T13:04:39+00:00","dateModified":"2022-04-21T11:20:04+00:00","breadcrumb":{"@id":"https:\/\/hotel-tiefenhagen-sauerland.de\/nl\/afdruk\/#breadcrumb"},"inLanguage":"nl-NL","potentialAction":[{"@type":"ReadAction","target":["https:\/\/hotel-tiefenhagen-sauerland.de\/nl\/afdruk\/"]}]},{"@type":"BreadcrumbList","@id":"https:\/\/hotel-tiefenhagen-sauerland.de\/nl\/afdruk\/#breadcrumb","itemListElement":[{"@type":"ListItem","position":1,"name":"Home","item":"https:\/\/hotel-tiefenhagen-sauerland.de\/nl\/"},{"@type":"ListItem","position":2,"name":"Afdruk"}]},{"@type":"WebSite","@id":"https:\/\/hotel-tiefenhagen-sauerland.de\/nl\/#website","url":"https:\/\/hotel-tiefenhagen-sauerland.de\/nl\/","name":"Hotel Tiefenhagen Sauerland in Lennestadt","description":"","publisher":{"@id":"https:\/\/hotel-tiefenhagen-sauerland.de\/nl\/#organization"},"potentialAction":[{"@type":"SearchAction","target":{"@type":"EntryPoint","urlTemplate":"https:\/\/hotel-tiefenhagen-sauerland.de\/nl\/?s={search_term_string}"},"query-input":"required name=search_term_string"}],"inLanguage":"nl-NL"},{"@type":"Organization","@id":"https:\/\/hotel-tiefenhagen-sauerland.de\/nl\/#organization","name":"Hotel Tiefenhagen Sauerland in Lennestadt","url":"https:\/\/hotel-tiefenhagen-sauerland.de\/nl\/","logo":{"@type":"ImageObject","inLanguage":"nl-NL","@id":"https:\/\/hotel-tiefenhagen-sauerland.de\/nl\/#\/schema\/logo\/image\/","url":"https:\/\/hotel-tiefenhagen-sauerland.de\/wp-content\/uploads\/2022\/03\/logo.png","contentUrl":"https:\/\/hotel-tiefenhagen-sauerland.de\/wp-content\/uploads\/2022\/03\/logo.png","width":159,"height":100,"caption":"Hotel Tiefenhagen Sauerland in Lennestadt"},"image":{"@id":"https:\/\/hotel-tiefenhagen-sauerland.de\/nl\/#\/schema\/logo\/image\/"}}]}},"_links":{"self":[{"href":"https:\/\/hotel-tiefenhagen-sauerland.de\/nl\/wp-json\/wp\/v2\/pages\/11560","targetHints":{"allow":["GET"]}}],"collection":[{"href":"https:\/\/hotel-tiefenhagen-sauerland.de\/nl\/wp-json\/wp\/v2\/pages"}],"about":[{"href":"https:\/\/hotel-tiefenhagen-sauerland.de\/nl\/wp-json\/wp\/v2\/types\/page"}],"author":[{"embeddable":true,"href":"https:\/\/hotel-tiefenhagen-sauerland.de\/nl\/wp-json\/wp\/v2\/users\/1"}],"replies":[{"embeddable":true,"href":"https:\/\/hotel-tiefenhagen-sauerland.de\/nl\/wp-json\/wp\/v2\/comments?post=11560"}],"version-history":[{"count":15,"href":"https:\/\/hotel-tiefenhagen-sauerland.de\/nl\/wp-json\/wp\/v2\/pages\/11560\/revisions"}],"predecessor-version":[{"id":14284,"href":"https:\/\/hotel-tiefenhagen-sauerland.de\/nl\/wp-json\/wp\/v2\/pages\/11560\/revisions\/14284"}],"wp:attachment":[{"href":"https:\/\/hotel-tiefenhagen-sauerland.de\/nl\/wp-json\/wp\/v2\/media?parent=11560"}],"curies":[{"name":"wp","href":"https:\/\/api.w.org\/{rel}","templated":true}]}}